{"id":9618,"date":"2023-06-12T16:19:15","date_gmt":"2023-06-12T14:19:15","guid":{"rendered":"https:\/\/ensoleillade.fr\/?page_id=9618"},"modified":"2023-11-16T09:37:47","modified_gmt":"2023-11-16T08:37:47","slug":"contact","status":"publish","type":"page","link":"https:\/\/ensoleillade-atelier.fr\/en\/contact\/","title":{"rendered":"Contact"},"content":{"rendered":"<p>[et_pb_section fb_built=&#8221;1&#8243; _builder_version=&#8221;4.18.0&#8243; _module_preset=&#8221;default&#8221; custom_margin=&#8221;0px||0px||false|false&#8221; custom_padding=&#8221;0px||0px||false|false&#8221; global_colors_info=&#8221;{}&#8221;][et_pb_row _builder_version=&#8221;4.18.0&#8243; _module_preset=&#8221;default&#8221; width=&#8221;100%&#8221; max_width=&#8221;100%&#8221; module_alignment=&#8221;center&#8221; custom_margin=&#8221;0px||0px||false|false&#8221; custom_padding=&#8221;0px||0px||false|false&#8221; global_colors_info=&#8221;{}&#8221;][et_pb_column type=&#8221;4_4&#8243; _builder_version=&#8221;4.18.0&#8243; _module_preset=&#8221;default&#8221; global_colors_info=&#8221;{}&#8221;][et_pb_menu menu_id=&#8221;19&#8243; _builder_version=&#8221;4.18.0&#8243; _module_preset=&#8221;default&#8221; menu_font=&#8221;Baskervville||||||||&#8221; menu_text_color=&#8221;#FFFFFF&#8221; menu_font_size=&#8221;15pt&#8221; background_color=&#8221;#bea994&#8243; text_orientation=&#8221;center&#8221; background_layout=&#8221;dark&#8221; height=&#8221;50px&#8221; sticky_position=&#8221;top&#8221; custom_css_main_element=&#8221;display: flex;||align-items: center;||justify-content: center;&#8221; custom_css_menu_link=&#8221;margin-right: 1.5vw;||margin-left: 1.5vw;&#8221; global_colors_info=&#8221;{}&#8221; custom_css_main_element_last_edited=&#8221;on|tablet&#8221; custom_css_main_element_tablet=&#8221;align-items: center;||justify-content: flex-end;&#8221; custom_css_main_element_phone=&#8221;align-items: center;||justify-content: flex-end;&#8221;][\/et_pb_menu][\/et_pb_column][\/et_pb_row][et_pb_row _builder_version=&#8221;4.18.0&#8243; _module_preset=&#8221;default&#8221; background_color=&#8221;rgba(190,169,148,0.5)&#8221; width=&#8221;100%&#8221; max_width=&#8221;100%&#8221; height=&#8221;100px&#8221; custom_padding=&#8221;||||false|false&#8221; custom_css_main_element=&#8221;display: flex;||align-items: center;&#8221; global_colors_info=&#8221;{}&#8221; custom_padding__hover_enabled=&#8221;off|desktop&#8221;][et_pb_column type=&#8221;4_4&#8243; _builder_version=&#8221;4.18.0&#8243; _module_preset=&#8221;default&#8221; global_colors_info=&#8221;{}&#8221;][et_pb_text _builder_version=&#8221;4.18.0&#8243; _module_preset=&#8221;5fcf2981-9894-46db-a1aa-1a4489826a15&#8243; global_colors_info=&#8221;{}&#8221;]<\/p>\n<p>Contact<\/p>\n<p>[\/et_pb_text][\/et_pb_column][\/et_pb_row][\/et_pb_section][et_pb_section fb_built=&#8221;1&#8243; _builder_version=&#8221;4.18.0&#8243; _module_preset=&#8221;default&#8221; custom_margin=&#8221;0px|0px|0px|0px|false|false&#8221; custom_padding=&#8221;0px|0px|0px|0px|false|false&#8221; global_colors_info=&#8221;{}&#8221;][et_pb_row column_structure=&#8221;1_2,1_2&#8243; _builder_version=&#8221;4.18.0&#8243; _module_preset=&#8221;default&#8221; width=&#8221;100%&#8221; max_width=&#8221;100%&#8221; custom_margin=&#8221;0px|0px|0px|0px|false|false&#8221; custom_padding=&#8221;0px|0px|0px|0px|false|false&#8221; global_colors_info=&#8221;{}&#8221;][et_pb_column type=&#8221;1_2&#8243; _builder_version=&#8221;4.18.0&#8243; _module_preset=&#8221;default&#8221; global_colors_info=&#8221;{}&#8221;][et_pb_text _builder_version=&#8221;4.18.0&#8243; _module_preset=&#8221;default&#8221; text_font=&#8221;Questrial||||||||&#8221; text_text_color=&#8221;#000000&#8243; text_font_size=&#8221;15pt&#8221; header_font=&#8221;Baskervville|700|||||||&#8221; header_font_size=&#8221;25pt&#8221; background_color=&#8221;rgba(190,169,148,0.5)&#8221; height=&#8221;700px&#8221; height_tablet=&#8221;700px&#8221; height_phone=&#8221;700px&#8221; height_last_edited=&#8221;on|tablet&#8221; custom_margin=&#8221;50px|50px|50px|50px|true|true&#8221; custom_padding=&#8221;20px|20px|20px|20px|true|true&#8221; text_font_size_tablet=&#8221;15pt&#8221; text_font_size_phone=&#8221;10pt&#8221; text_font_size_last_edited=&#8221;on|phone&#8221; header_font_size_tablet=&#8221;25pt&#8221; header_font_size_phone=&#8221;15pt&#8221; header_font_size_last_edited=&#8221;on|phone&#8221; global_colors_info=&#8221;{}&#8221;]<\/p>\n<h1 style=\"text-align: center;\"><\/h1>\n<h1 style=\"text-align: center;\"><\/h1>\n<h1 style=\"text-align: center;\">Our business card<\/h1>\n<p>&nbsp;<\/p>\n<p style=\"text-align: center;\"><img loading=\"lazy\" decoding=\"async\" src=\"https:\/\/ensoleillade-atelier.fr\/wp-content\/uploads\/2023\/06\/Icon-awesome-map-marker-alt.png\" width=\"17\" height=\"22\" alt=\"\" class=\"wp-image-9561 alignnone size-full\" \/>\u00a0 \u00a0621 Chemin des Incapis<br \/>83300 Draguignan<\/p>\n<p style=\"text-align: center;\"><img loading=\"lazy\" decoding=\"async\" src=\"https:\/\/ensoleillade-atelier.fr\/wp-content\/uploads\/2023\/06\/Icon-awesome-phone-alt.png\" width=\"24\" height=\"24\" alt=\"\" class=\"wp-image-9562 alignnone size-medium\" \/>\u00a0 \u00a0+33 (0)4.94.68.21.16<\/p>\n<p style=\"text-align: center;\"><img loading=\"lazy\" decoding=\"async\" src=\"https:\/\/ensoleillade-atelier.fr\/wp-content\/uploads\/2023\/06\/Icon-material-email.png\" width=\"23\" height=\"19\" alt=\"\" class=\"wp-image-9563 alignnone size-medium\" \/><a href=\"mailto:contact@ensoleilladesas.fr\">\u00a0 \u00a0contact@ensoleilladesas.fr<\/a><\/p>\n<p style=\"text-align: center;\"><img loading=\"lazy\" decoding=\"async\" src=\"https:\/\/ensoleillade-atelier.fr\/wp-content\/uploads\/2023\/06\/Icon-awesome-calendar-alt.png\" width=\"24\" height=\"27\" alt=\"\" class=\"wp-image-9559 alignnone size-medium\" \/>\u00a0 \u00a0Monday to Thursday :<br \/>8:30am - 12:45pm and 1:15pm - 4:45pm<\/p>\n<p style=\"text-align: center;\">Friday: 8:30 a.m. - 12:30 p.m.<\/p>\n<p style=\"text-align: center;\"><img loading=\"lazy\" decoding=\"async\" src=\"https:\/\/ensoleillade-atelier.fr\/wp-content\/uploads\/2018\/02\/logo-noir-png-300x159.png\" width=\"200\" height=\"106\" alt=\"\" class=\"wp-image-7966 alignnone size-medium\" srcset=\"https:\/\/ensoleillade-atelier.fr\/wp-content\/uploads\/2018\/02\/logo-noir-png-300x159.png 300w, https:\/\/ensoleillade-atelier.fr\/wp-content\/uploads\/2018\/02\/logo-noir-png-768x406.png 768w, https:\/\/ensoleillade-atelier.fr\/wp-content\/uploads\/2018\/02\/logo-noir-png.png 1021w\" sizes=\"(max-width: 200px) 100vw, 200px\" \/><\/p>\n<p style=\"text-align: center;\">\n<p style=\"text-align: center;\">\n<p style=\"text-align: center;\">\n<h6 style=\"text-align: center;\">Ce site est r\u00e9serv\u00e9 aux professionnels. Vous \u00eates un particulier ?<\/h6>\n<h6 style=\"text-align: center;\">Rendez-vous sur la boutique :<span>\u00a0<\/span><strong><span><a href=\"https:\/\/www.boutique-ensoleillade.com\/\">www.boutique-ensoleillade.com<\/a><\/span><\/strong><\/h6>\n<p>[\/et_pb_text][\/et_pb_column][et_pb_column type=&#8221;1_2&#8243; _builder_version=&#8221;4.18.0&#8243; _module_preset=&#8221;default&#8221; global_colors_info=&#8221;{}&#8221;][et_pb_contact_form use_spam_service=&#8221;on&#8221; recaptcha_list=&#8221;Ensoleillade Pro-0&#8243; email=&#8221;contact@ensoleilladesas.fr&#8221; title=&#8221;Nous Contacter&#8221; custom_message=&#8221;Nouveau message sur la page Contact (Site Pro)||et_pb_line_break_holder||||et_pb_line_break_holder||Soci\u00e9t\u00e9 : %%Soci\u00e9t\u00e9%%||et_pb_line_break_holder||Nom : %%Nom%%||et_pb_line_break_holder||Email : %%Email%%||et_pb_line_break_holder||T\u00e9l\u00e9phone : %%T\u00e9l\u00e9phone%%||et_pb_line_break_holder||||et_pb_line_break_holder||Message : %%Message%%&#8221; submit_button_text=&#8221;Envoyer le message&#8221; _builder_version=&#8221;4.18.0&#8243; _module_preset=&#8221;default&#8221; _unique_id=&#8221;b6affe17-59c9-470e-a94f-4afa02d5eaf7&#8243; title_font=&#8221;Baskervville|700|||||||&#8221; title_text_align=&#8221;center&#8221; title_font_size=&#8221;25pt&#8221; captcha_font=&#8221;Questrial||||||||&#8221; captcha_text_color=&#8221;#000000&#8243; background_color=&#8221;rgba(190,169,148,0.5)&#8221; custom_button=&#8221;on&#8221; button_text_size=&#8221;15pt&#8221; button_text_color=&#8221;#FFFFFF&#8221; button_bg_color=&#8221;#1c1d22&#8243; button_border_color=&#8221;RGBA(255,255,255,0)&#8221; button_font=&#8221;Baskervville||||||||&#8221; button_icon=&#8221;&#xf1d8;||fa||400&#8243; height=&#8221;700px&#8221; custom_margin=&#8221;50px|50px|50px|50px|true|true&#8221; custom_padding=&#8221;20px|20px|20px|20px|false|false&#8221; title_font_size_tablet=&#8221;20pt&#8221; title_font_size_phone=&#8221;20pt&#8221; title_font_size_last_edited=&#8221;on|phone&#8221; button_text_size_tablet=&#8221;10pt&#8221; button_text_size_phone=&#8221;10pt&#8221; button_text_size_last_edited=&#8221;on|phone&#8221; global_colors_info=&#8221;{}&#8221;][et_pb_contact_field field_id=&#8221;Soci\u00e9t\u00e9&#8221; field_title=&#8221;Entrer le nom de votre soci\u00e9t\u00e9&#8221; fullwidth_field=&#8221;on&#8221; _builder_version=&#8221;4.18.0&#8243; _module_preset=&#8221;default&#8221; form_field_background_color=&#8221;#FFFFFF&#8221; form_field_text_color=&#8221;#000000&#8243; form_field_font=&#8221;Questrial||||||||&#8221; form_field_text_align=&#8221;left&#8221; form_field_font_size=&#8221;12pt&#8221; custom_css_before=&#8221;content: &#8216;Soci\u00e9t\u00e9&#8217;;||color: black;||font-family: &#8216;Questrial&#8217;;||font-size: 14pt;&#8221; border_radii=&#8221;on|10px|10px|10px|10px&#8221; global_colors_info=&#8221;{}&#8221;][\/et_pb_contact_field][et_pb_contact_field field_id=&#8221;Nom&#8221; field_title=&#8221;Votre nom&#8221; fullwidth_field=&#8221;on&#8221; _builder_version=&#8221;4.18.0&#8243; _module_preset=&#8221;default&#8221; form_field_background_color=&#8221;#FFFFFF&#8221; form_field_text_color=&#8221;#000000&#8243; form_field_font=&#8221;Questrial||||||||&#8221; form_field_text_align=&#8221;left&#8221; form_field_font_size=&#8221;12pt&#8221; custom_css_before=&#8221;content: &#8216;Nom&#8217;;||color: black;||font-family: &#8216;Questrial&#8217;;||font-size: 14pt;&#8221; border_radii=&#8221;on|10px|10px|10px|10px&#8221; global_colors_info=&#8221;{}&#8221;][\/et_pb_contact_field][et_pb_contact_field field_id=&#8221;Email&#8221; field_title=&#8221; Votre email&#8221; field_type=&#8221;email&#8221; fullwidth_field=&#8221;on&#8221; _builder_version=&#8221;4.18.0&#8243; _module_preset=&#8221;default&#8221; form_field_background_color=&#8221;#FFFFFF&#8221; form_field_text_color=&#8221;#000000&#8243; form_field_font=&#8221;Questrial||||||||&#8221; form_field_text_align=&#8221;left&#8221; form_field_font_size=&#8221;12pt&#8221; custom_css_before=&#8221;content: &#8216;Email&#8217;;||color: black;||font-family: &#8216;Questrial&#8217;;||font-size: 14pt;&#8221; border_radii=&#8221;on|10px|10px|10px|10px&#8221; global_colors_info=&#8221;{}&#8221;][\/et_pb_contact_field][et_pb_contact_field field_id=&#8221;T\u00e9l\u00e9phone&#8221; field_title=&#8221;Votre num\u00e9ro de t\u00e9l\u00e9phone&#8221; allowed_symbols=&#8221;numbers&#8221; fullwidth_field=&#8221;on&#8221; _builder_version=&#8221;4.18.0&#8243; _module_preset=&#8221;default&#8221; form_field_background_color=&#8221;#FFFFFF&#8221; form_field_text_color=&#8221;#000000&#8243; form_field_font=&#8221;Questrial||||||||&#8221; form_field_text_align=&#8221;left&#8221; form_field_font_size=&#8221;12pt&#8221; custom_css_before=&#8221;content: &#8216;T\u00e9l\u00e9phone&#8217;;||color: black;||font-family: &#8216;Questrial&#8217;;||font-size: 14pt;&#8221; border_radii=&#8221;on|10px|10px|10px|10px&#8221; global_colors_info=&#8221;{}&#8221;][\/et_pb_contact_field][et_pb_contact_field field_id=&#8221;Message&#8221; field_title=&#8221; &#8221; field_type=&#8221;text&#8221; fullwidth_field=&#8221;on&#8221; _builder_version=&#8221;4.18.0&#8243; _module_preset=&#8221;default&#8221; form_field_background_color=&#8221;#FFFFFF&#8221; form_field_text_color=&#8221;#000000&#8243; form_field_font=&#8221;Questrial||||||||&#8221; form_field_text_align=&#8221;left&#8221; form_field_font_size=&#8221;12pt&#8221; custom_css_before=&#8221;content: &#8216;Votre message&#8217;;||color: black;||font-family: &#8216;Questrial&#8217;;||font-size: 14pt;&#8221; border_radii=&#8221;on|10px|10px|10px|10px&#8221; global_colors_info=&#8221;{}&#8221;][\/et_pb_contact_field][\/et_pb_contact_form][\/et_pb_column][\/et_pb_row][\/et_pb_section][et_pb_section fb_built=&#8221;1&#8243; _builder_version=&#8221;4.18.0&#8243; _module_preset=&#8221;default&#8221; global_colors_info=&#8221;{}&#8221;][et_pb_row column_structure=&#8221;1_2,1_2&#8243; _builder_version=&#8221;4.18.0&#8243; _module_preset=&#8221;default&#8221; background_color=&#8221;#f2eeea&#8221; width=&#8221;100%&#8221; max_width=&#8221;100%&#8221; custom_padding=&#8221;50px|70px|50px|70px|true|true&#8221; custom_css_main_element=&#8221;display: flex;||align-items: center;&#8221; global_colors_info=&#8221;{}&#8221; custom_css_main_element_last_edited=&#8221;on|tablet&#8221; custom_css_main_element_tablet=&#8221;flex-wrap: wrap;&#8221; custom_css_main_element_phone=&#8221;flex-wrap: wrap;&#8221;][et_pb_column type=&#8221;1_2&#8243; _builder_version=&#8221;4.18.0&#8243; _module_preset=&#8221;default&#8221; global_colors_info=&#8221;{}&#8221;][et_pb_image src=&#8221;https:\/\/ensoleillade-atelier.fr\/wp-content\/uploads\/2023\/06\/shr3modif-scaled.jpg&#8221; title_text=&#8221;shr3modif&#8221; _builder_version=&#8221;4.18.0&#8243; _module_preset=&#8221;default&#8221; global_colors_info=&#8221;{}&#8221;][\/et_pb_image][\/et_pb_column][et_pb_column type=&#8221;1_2&#8243; _builder_version=&#8221;4.18.0&#8243; _module_preset=&#8221;default&#8221; global_colors_info=&#8221;{}&#8221;][et_pb_text _builder_version=&#8221;4.18.0&#8243; _module_preset=&#8221;default&#8221; text_font=&#8221;Questrial||||||||&#8221; text_text_color=&#8221;#000000&#8243; text_font_size=&#8221;15pt&#8221; text_orientation=&#8221;center&#8221; global_colors_info=&#8221;{}&#8221;]<\/p>\n<p><strong>We have a showroom and can welcome you by appointment only.<\/strong><\/p>\n<p><img loading=\"lazy\" decoding=\"async\" src=\"https:\/\/ensoleillade-atelier.fr\/wp-content\/uploads\/2023\/06\/Icon-material-access-time.png\" width=\"21\" height=\"21\" alt=\"\" class=\"wp-image-9676 alignnone size-full\" \/>\u00a0 Monday to Thursday :<\/p>\n<p>8:30am - 12:45pm and 1:15pm - 4:45pm<\/p>\n<p>Friday: 8:30 a.m. - 12:30 p.m.<\/p>\n<p>[\/et_pb_text][\/et_pb_column][\/et_pb_row][\/et_pb_section]<\/p>","protected":false},"excerpt":{"rendered":"<p>Contact Notre carte de visite &nbsp; \u00a0 \u00a0621 Chemin des Incapis83300 Draguignan \u00a0 \u00a0+33 (0)4.94.68.21.16 \u00a0 \u00a0contact@ensoleilladesas.fr \u00a0 \u00a0Du Lundi au Jeudi :8h30 &#8211; 12h45 et 13h15 &#8211; 16h45 Vendredi : 8h30 &#8211; 12h30 Ce site est r\u00e9serv\u00e9 aux professionnels. Vous \u00eates un particulier ? Rendez-vous sur la boutique :\u00a0www.boutique-ensoleillade.comNous disposons d&#8217;un showroom et pouvons [&hellip;]<\/p>","protected":false},"author":7,"featured_media":0,"parent":0,"menu_order":0,"comment_status":"closed","ping_status":"closed","template":"","meta":{"_et_pb_use_builder":"on","_et_pb_old_content":"","_et_gb_content_width":"","footnotes":""},"_links":{"self":[{"href":"https:\/\/ensoleillade-atelier.fr\/en\/wp-json\/wp\/v2\/pages\/9618"}],"collection":[{"href":"https:\/\/ensoleillade-atelier.fr\/en\/wp-json\/wp\/v2\/pages"}],"about":[{"href":"https:\/\/ensoleillade-atelier.fr\/en\/wp-json\/wp\/v2\/types\/page"}],"author":[{"embeddable":true,"href":"https:\/\/ensoleillade-atelier.fr\/en\/wp-json\/wp\/v2\/users\/7"}],"replies":[{"embeddable":true,"href":"https:\/\/ensoleillade-atelier.fr\/en\/wp-json\/wp\/v2\/comments?post=9618"}],"version-history":[{"count":20,"href":"https:\/\/ensoleillade-atelier.fr\/en\/wp-json\/wp\/v2\/pages\/9618\/revisions"}],"predecessor-version":[{"id":9892,"href":"https:\/\/ensoleillade-atelier.fr\/en\/wp-json\/wp\/v2\/pages\/9618\/revisions\/9892"}],"wp:attachment":[{"href":"https:\/\/ensoleillade-atelier.fr\/en\/wp-json\/wp\/v2\/media?parent=9618"}],"curies":[{"name":"wp","href":"https:\/\/api.w.org\/{rel}","templated":true}]}}